{"id":6884,"date":"2026-04-07T12:07:52","date_gmt":"2026-04-07T12:07:52","guid":{"rendered":"https:\/\/federerfoundation.org\/legal-notices\/"},"modified":"2026-04-09T15:43:34","modified_gmt":"2026-04-09T15:43:34","slug":"rechtliche-hinweise","status":"publish","type":"page","link":"https:\/\/federerfoundation.org\/de\/rechtliche-hinweise\/","title":{"rendered":"Rechtliche Hinweise"},"content":{"rendered":"<div class=\"fusion-fullwidth fullwidth-box fusion-builder-row-1 fusion-flex-container has-pattern-background has-mask-background nonhundred-percent-fullwidth non-hundred-percent-height-scrolling\" style=\"--link_hover_color: var(--awb-custom_color_1);--link_color: var(--awb-custom_color_2);--awb-border-radius-top-left:0px;--awb-border-radius-top-right:0px;--awb-border-radius-bottom-right:0px;--awb-border-radius-bottom-left:0px;--awb-margin-top:90px;--awb-margin-bottom:200px;--awb-margin-top-small:35px;--awb-margin-bottom-small:20px;--awb-flex-wrap:wrap;\" ><div class=\"fusion-builder-row fusion-row fusion-flex-align-items-flex-start fusion-flex-content-wrap\" style=\"max-width:calc( 1440px + 20px );margin-left: calc(-20px \/ 2 );margin-right: calc(-20px \/ 2 );\"><div class=\"fusion-layout-column fusion_builder_column fusion-builder-column-0 fusion_builder_column_1_3 1_3 fusion-flex-column\" style=\"--awb-padding-right:10px;--awb-bg-size:cover;--awb-width-large:33.333333333333%;--awb-margin-top-large:0px;--awb-spacing-right-large:10px;--awb-margin-bottom-large:20px;--awb-spacing-left-large:10px;--awb-width-medium:100%;--awb-order-medium:0;--awb-spacing-right-medium:10px;--awb-margin-bottom-medium:0px;--awb-spacing-left-medium:10px;--awb-width-small:100%;--awb-order-small:0;--awb-spacing-right-small:10px;--awb-spacing-left-small:10px;\"><div class=\"fusion-column-wrapper fusion-column-has-shadow fusion-flex-justify-content-flex-start fusion-content-layout-column\"><div class=\"fusion-title title fusion-title-1 fusion-sep-none fusion-title-text fusion-title-size-one\" style=\"--awb-margin-top:0px;--awb-margin-top-small:10px;--awb-margin-right-small:0px;--awb-margin-bottom-small:10px;--awb-margin-left-small:0px;--awb-font-size:50px;\"><h1 class=\"fusion-title-heading title-heading-left fusion-responsive-typography-calculated\" style=\"margin:0;font-size:1em;--fontSize:50;line-height:1.7;\">Rechtliche Hinweise<\/h1><\/div><\/div><\/div><div class=\"fusion-layout-column fusion_builder_column fusion-builder-column-1 fusion_builder_column_2_3 2_3 fusion-flex-column\" style=\"--awb-bg-size:cover;--awb-width-large:66.666666666667%;--awb-margin-top-large:0px;--awb-spacing-right-large:10px;--awb-margin-bottom-large:20px;--awb-spacing-left-large:10px;--awb-width-medium:100%;--awb-order-medium:0;--awb-spacing-right-medium:10px;--awb-spacing-left-medium:10px;--awb-width-small:100%;--awb-order-small:0;--awb-spacing-right-small:10px;--awb-spacing-left-small:10px;\"><div class=\"fusion-column-wrapper fusion-column-has-shadow fusion-flex-justify-content-flex-start fusion-content-layout-column\"><div class=\"fusion-text fusion-text-1\"><h2>Standard form publication requirement<\/h2>\n<p>Klicken Sie&nbsp;<a href=\"https:\/\/federerfoundation.org\/wp-content\/uploads\/2026\/04\/Standard-form-public-requirement.pdf\" target=\"_blank\" rel=\"noopener\">hier<\/a>, um das \u201eStandard form publication requirement\u201c (General ANBI) aufzurufen.<\/p>\n<h2>1. Einleitung<\/h2>\n<p>Die Webseite www.rogerfedererfoundation.com (nachfolgend &#8222;Webseite&#8220;) wird von der Roger Federer Foundation mit Sitz in Bottmingen, Schweiz (nachfolgend &#8222;Roger Federer Foundation&#8220;) betrieben.<\/p>\n<h2>2. Zugriffs- und Nutzungsbedingungen f\u00fcr diese Webseite<\/h2>\n<p>Mit dem Zugriff auf diese Webseite und deren Nutzung erkl\u00e4ren Sie, dass Sie die nachfolgenden Nutzungsbedingungen und weiteren auf dieser Webseite abrufbaren rechtlichen Informationen im Zusammenhang mit dieser Webseite (nachfolgend gemeinsam &#8222;Nutzungsbedingungen&#8220;) verstanden haben und anerkennen. Sollten Sie mit den Nutzungsbedingungen nicht einverstanden sein, m\u00fcssen Sie unverz\u00fcglich aufh\u00f6ren, diese Webseite zu nutzen.<\/p>\n<p>Ferner nehmen Sie zu Kenntnis, dass die Roger Federer Foundation die Nutzungsbedingungen nach eigenem Ermessen und ohne Vorank\u00fcndigung jederzeit aktualisieren, \u00e4ndern oder entfernen kann. \u00c4nderungen gelten ab der Publikation der ge\u00e4nderten Nutzungsbedingungen auf der Webseite. Mit der Fortf\u00fchrung der Nutzung dieser Webseite erkl\u00e4ren Sie sich mit den \u00c4nderungen einverstanden.<\/p>\n<p>Diese Nutzungsbedingungen gelten nicht f\u00fcr Webseiten von Drittbetreibern, welche \u00fcber diese Webseite aufgerufen werden k\u00f6nnen.<\/p>\n<h2>3. Links<\/h2>\n<p>Diese Webseite enth\u00e4lt Links zu Webseiten, die von Dritten betrieben werden. Deren Inhalte sind dem Einfluss der Roger Federer Foundation entzogen. Aus diesem Grund distanziert sich die Roger Federer Foundation ausdr\u00fccklich von allen auf dieser Webseite gelinkten Inhalten und Webseiten und \u00fcbernimmt keinerlei Gew\u00e4hrleistung oder Haftung im Zusammenhang mit diesen Inhalten und Webseiten.<\/p>\n<h2>4. Rechte an den Inhalten dieser Webseite (Urheberrechte und andere Immaterialg\u00fcterrechte)<\/h2>\n<p>Die Urheber- und sonstigen Immaterialg\u00fcterrechte an s\u00e4mtlichen Informationen, Inhalten, Texten, Fotos, Videos, Software, Design, Daten und jeglichen anderen Elementen dieser Webseite sowie am Namen und Logo der Roger Federer Foundation (nachfolgend gemeinsam &#8222;Inhalt&#8220;) stehen der Roger Federer Foundation oder dem betreffenden Rechteinhaber zu, sofern nichts anderes vermerkt ist oder aus den Umst\u00e4<a href=\"https:\/\/www.rogerfedererfoundation.org\/de\/rechtliches\/datenschutzerklaerung\/\">n<\/a>den hervorgeht.<\/p>\n<p>Durch den Zugriff auf diese Webseite, deren Nutzung, das Herunterladen oder Kopieren von Daten dieser Webseite oder Teilen davon werden Ihnen keinerlei Rechte am Inhalt der Webseite einger\u00e4umt. Jegliche Nutzung, Reproduktion, Kopie, Publikation, \u00dcbermittlung oder \u00c4nderung der Webseite, des Inhalts oder Teilen davon f\u00fcr einen \u00f6ffentlichen oder kommerziellen Zweck ist ohne vorherige schriftliche Zustimmung der Roger Federer Foundation strikt untersagt.<\/p>\n<p>Verkn\u00fcpfungen dieser Webseite m\u00fcssen auf die Startseite verweisen. Deeplinking oder Framing der Webseite oder andere Techniken, bei welchen die Webseite oder Teile davon in Ihre Webseite oder Webseiten Dritter in irgendeiner Form integriert werden, sind ohne vorherige schriftliche Zustimmung der Roger Federer Foundation nicht gestattet.<\/p>\n<h2>5. Datenschutz<\/h2>\n<p>Die \u00dcbermittlung, Erhebung und Bearbeitung von Personendaten \u00fcber diese Webseite unterstehen der Datenschutzerkl\u00e4rung der Roger Federer Foundation. Weitere Informationen finden Sie&nbsp;<a href=\"https:\/\/www.rogerfedererfoundation.org\/de\/rechtliches\/datenschutzerklaerung\/\" target=\"_blank\" rel=\"noopener\">hier<\/a>.<\/p>\n<h2>6. Verf\u00fcgbarkeit dieser Webseite<\/h2>\n<p>Die Roger Federer Foundation \u00fcbernimmt keine Verantwortung und gibt keinerlei Garantie daf\u00fcr ab, dass diese Webseite dauernd und ununterbrochen zur Verf\u00fcgung stehen, fehlerfrei ist oder Fehler behoben werden oder dass die Webseite oder die jeweiligen Server frei von Viren oder sonstigen sch\u00e4dlichen Bestandteilen sind. Die Roger Federer Foundation beh\u00e4lt sich das Recht vor, Ihnen den Zugriff auf diese Webseite jederzeit und ohne Grund zu verweigern.<\/p>\n<h2>7. Zweck dieser Webseite<\/h2>\n<p>Die auf dieser Webseite abrufbaren Inhalte dienen einzig der Information \u00fcber die Roger Federer Foundation und ihre Aktivit\u00e4ten. Der Zugriff auf diese Webseite bzw. der Abruf von Informationen von dieser Webseite begr\u00fcndet keinerlei vertragliche Beziehung zwischen Ihnen und der Roger Federer Foundation. Die auf der Webseite abrufbaren Inhalte begr\u00fcnden weder eine Aufforderung zur Offertenstellung noch ein Angebot.<\/p>\n<p>Die Roger Federer Foundation bem\u00fcht sich, die Inhalte auf dieser Webseite aktuell, vollst\u00e4ndig und richtig zu halten. Da diese Informationen jedoch raschen \u00c4nderungen unterliegen k\u00f6nnen, kann die Aktualit\u00e4t, Richtigkeit und Vollst\u00e4ndigkeit nicht gew\u00e4hrleistet werden. Die Angaben auf dieser Webseite stellen keine verbindlichen Entscheidungshilfen und Antworten auf Beratungsfragen dar. Die Inhalte dieser Webseite beinhalten keine Zusicherungen oder Garantien.<\/p>\n<h2>8. Keine Sicherheit der Daten\u00fcbertragung<\/h2>\n<p>Die E-Mail-Kommunikation verl\u00e4uft \u00fcber ein offenes, jedermann zug\u00e4ngliches und grenz\u00fcberschreitendes Netz statt und ist unverschl\u00fcsselt. Es kann somit nicht ausgeschlossen werden, dass mittels E-Mail an die Roger Federer Foundation gesendete Daten von Dritten eingesehen und damit auch die Kontaktaufnahme mit der Roger Federer Foundation nachvollzogen werden kann.<\/p>\n<h2>9. Haftungsausschluss<\/h2>\n<p>Hiermit nehmen Sie zu Kenntnis, dass der Zugriff auf diese Webseite und deren Nutzung, die \u00dcbermittlung von Daten zu und von dieser Webseite, der Zugriff auf Webseiten von Drittbetreibern \u00fcber auf dieser Webseite abrufbare Links sowie jegliche Handlungen, welche gest\u00fctzt auf Inhalte auf dieser Webseite vorgenommen werden, auf Ihr alleiniges Risiko erfolgen. Soweit als gesetzlich zul\u00e4ssig, insbesondere unter Vorbehalt von Vorsatz und grober Fahrl\u00e4ssigkeit, schliesst die Roger Federer Foundation hiermit jegliche vertragliche und ausservertragliche Haftung f\u00fcr hieraus entstehende direkte und indirekte Sch\u00e4den aus.<\/p>\n<h2>10. Anwendbares Recht und Gerichtsstand<\/h2>\n<p>Diese Nutzungsbedingungen unterstehen Schweizer Recht, unter Ausschluss der kollisionsrechtlichen Bestimmungen. S\u00e4mtliche Streitigkeiten im Zusammenhang mit diesen Nutzungsbedingungen werden der Zust\u00e4ndigkeit der ordentlichen Gerichte in Z\u00fcrich unterstellt.<\/p>\n<h2>11.Contact<\/h2>\n<p>Fragen in Bezug auf diese rechtlichen Hinweise k\u00f6nnen jederzeit an folgende Adresse gerichtet werden:<\/p>\n<p><strong>Roger Federer Foundation<\/strong><br \/>Wiesenstrasse 9<br \/>8008 Z\u00fcrich<br \/>Schweiz<\/p>\n<p>E-Mail-Adresse: &#x66;&#x6f;&#x75;&#x6e;&#x64;&#x61;&#x74;&#x69;&#x6f;&#x6e;&#x40;&#x72;&#x6f;&#x67;&#x65;&#x72;&#x66;&#x65;&#x64;&#x65;&#x72;&#x65;&#114;&#46;&#99;&#111;&#109;<\/p>\n<\/div><\/div><\/div><\/div><\/div>\n","protected":false},"excerpt":{"rendered":"","protected":false},"author":1,"featured_media":0,"parent":0,"menu_order":0,"comment_status":"closed","ping_status":"closed","template":"100-width.php","meta":{"_acf_changed":false,"footnotes":""},"class_list":["post-6884","page","type-page","status-publish","hentry"],"acf":[],"yoast_head":"<!-- This site is optimized with the Yoast SEO plugin v27.4 - https:\/\/yoast.com\/product\/yoast-seo-wordpress\/ -->\n<title>Rechtliche Hinweise - Roger Federer Foundation<\/title>\n<meta name=\"robots\" content=\"index, follow, max-snippet:-1, max-image-preview:large, max-video-preview:-1\" \/>\n<link rel=\"canonical\" href=\"https:\/\/federerfoundation.org\/de\/rechtliche-hinweise\/\" \/>\n<meta property=\"og:locale\" content=\"de_DE\" \/>\n<meta property=\"og:type\" content=\"article\" \/>\n<meta property=\"og:title\" content=\"Rechtliche Hinweise - Roger Federer Foundation\" \/>\n<meta property=\"og:url\" content=\"https:\/\/federerfoundation.org\/de\/rechtliche-hinweise\/\" \/>\n<meta property=\"og:site_name\" content=\"Roger Federer Foundation\" \/>\n<meta property=\"article:modified_time\" content=\"2026-04-09T15:43:34+00:00\" \/>\n<meta name=\"twitter:card\" content=\"summary_large_image\" \/>\n<meta name=\"twitter:label1\" content=\"Gesch\u00e4tzte Lesezeit\" \/>\n\t<meta name=\"twitter:data1\" content=\"4\u00a0Minuten\" \/>\n<script type=\"application\/ld+json\" class=\"yoast-schema-graph\">{\"@context\":\"https:\\\/\\\/schema.org\",\"@graph\":[{\"@type\":\"WebPage\",\"@id\":\"https:\\\/\\\/federerfoundation.org\\\/de\\\/rechtliche-hinweise\\\/\",\"url\":\"https:\\\/\\\/federerfoundation.org\\\/de\\\/rechtliche-hinweise\\\/\",\"name\":\"Rechtliche Hinweise - Roger Federer Foundation\",\"isPartOf\":{\"@id\":\"https:\\\/\\\/federerfoundation.org\\\/de\\\/#website\"},\"datePublished\":\"2026-04-07T12:07:52+00:00\",\"dateModified\":\"2026-04-09T15:43:34+00:00\",\"breadcrumb\":{\"@id\":\"https:\\\/\\\/federerfoundation.org\\\/de\\\/rechtliche-hinweise\\\/#breadcrumb\"},\"inLanguage\":\"de\",\"potentialAction\":[{\"@type\":\"ReadAction\",\"target\":[\"https:\\\/\\\/federerfoundation.org\\\/de\\\/rechtliche-hinweise\\\/\"]}]},{\"@type\":\"BreadcrumbList\",\"@id\":\"https:\\\/\\\/federerfoundation.org\\\/de\\\/rechtliche-hinweise\\\/#breadcrumb\",\"itemListElement\":[{\"@type\":\"ListItem\",\"position\":1,\"name\":\"Startseite\",\"item\":\"https:\\\/\\\/federerfoundation.org\\\/de\\\/\"},{\"@type\":\"ListItem\",\"position\":2,\"name\":\"Rechtliche Hinweise\"}]},{\"@type\":\"WebSite\",\"@id\":\"https:\\\/\\\/federerfoundation.org\\\/de\\\/#website\",\"url\":\"https:\\\/\\\/federerfoundation.org\\\/de\\\/\",\"name\":\"Roger Federer Foundation\",\"description\":\"\",\"potentialAction\":[{\"@type\":\"SearchAction\",\"target\":{\"@type\":\"EntryPoint\",\"urlTemplate\":\"https:\\\/\\\/federerfoundation.org\\\/de\\\/?s={search_term_string}\"},\"query-input\":{\"@type\":\"PropertyValueSpecification\",\"valueRequired\":true,\"valueName\":\"search_term_string\"}}],\"inLanguage\":\"de\"}]}<\/script>\n<!-- \/ Yoast SEO plugin. -->","yoast_head_json":{"title":"Rechtliche Hinweise - Roger Federer Foundation","robots":{"index":"index","follow":"follow","max-snippet":"max-snippet:-1","max-image-preview":"max-image-preview:large","max-video-preview":"max-video-preview:-1"},"canonical":"https:\/\/federerfoundation.org\/de\/rechtliche-hinweise\/","og_locale":"de_DE","og_type":"article","og_title":"Rechtliche Hinweise - Roger Federer Foundation","og_url":"https:\/\/federerfoundation.org\/de\/rechtliche-hinweise\/","og_site_name":"Roger Federer Foundation","article_modified_time":"2026-04-09T15:43:34+00:00","twitter_card":"summary_large_image","twitter_misc":{"Gesch\u00e4tzte Lesezeit":"4\u00a0Minuten"},"schema":{"@context":"https:\/\/schema.org","@graph":[{"@type":"WebPage","@id":"https:\/\/federerfoundation.org\/de\/rechtliche-hinweise\/","url":"https:\/\/federerfoundation.org\/de\/rechtliche-hinweise\/","name":"Rechtliche Hinweise - Roger Federer Foundation","isPartOf":{"@id":"https:\/\/federerfoundation.org\/de\/#website"},"datePublished":"2026-04-07T12:07:52+00:00","dateModified":"2026-04-09T15:43:34+00:00","breadcrumb":{"@id":"https:\/\/federerfoundation.org\/de\/rechtliche-hinweise\/#breadcrumb"},"inLanguage":"de","potentialAction":[{"@type":"ReadAction","target":["https:\/\/federerfoundation.org\/de\/rechtliche-hinweise\/"]}]},{"@type":"BreadcrumbList","@id":"https:\/\/federerfoundation.org\/de\/rechtliche-hinweise\/#breadcrumb","itemListElement":[{"@type":"ListItem","position":1,"name":"Startseite","item":"https:\/\/federerfoundation.org\/de\/"},{"@type":"ListItem","position":2,"name":"Rechtliche Hinweise"}]},{"@type":"WebSite","@id":"https:\/\/federerfoundation.org\/de\/#website","url":"https:\/\/federerfoundation.org\/de\/","name":"Roger Federer Foundation","description":"","potentialAction":[{"@type":"SearchAction","target":{"@type":"EntryPoint","urlTemplate":"https:\/\/federerfoundation.org\/de\/?s={search_term_string}"},"query-input":{"@type":"PropertyValueSpecification","valueRequired":true,"valueName":"search_term_string"}}],"inLanguage":"de"}]}},"_links":{"self":[{"href":"https:\/\/federerfoundation.org\/de\/wp-json\/wp\/v2\/pages\/6884","targetHints":{"allow":["GET"]}}],"collection":[{"href":"https:\/\/federerfoundation.org\/de\/wp-json\/wp\/v2\/pages"}],"about":[{"href":"https:\/\/federerfoundation.org\/de\/wp-json\/wp\/v2\/types\/page"}],"author":[{"embeddable":true,"href":"https:\/\/federerfoundation.org\/de\/wp-json\/wp\/v2\/users\/1"}],"replies":[{"embeddable":true,"href":"https:\/\/federerfoundation.org\/de\/wp-json\/wp\/v2\/comments?post=6884"}],"version-history":[{"count":3,"href":"https:\/\/federerfoundation.org\/de\/wp-json\/wp\/v2\/pages\/6884\/revisions"}],"predecessor-version":[{"id":6898,"href":"https:\/\/federerfoundation.org\/de\/wp-json\/wp\/v2\/pages\/6884\/revisions\/6898"}],"wp:attachment":[{"href":"https:\/\/federerfoundation.org\/de\/wp-json\/wp\/v2\/media?parent=6884"}],"curies":[{"name":"wp","href":"https:\/\/api.w.org\/{rel}","templated":true}]}}